{"id":250,"date":"2018-02-05T11:04:12","date_gmt":"2018-02-05T11:04:12","guid":{"rendered":"http:\/\/bridge151.qodeinteractive.com\/?page_id=5"},"modified":"2021-12-13T18:33:30","modified_gmt":"2021-12-14T00:33:30","slug":"home","status":"publish","type":"page","link":"https:\/\/www.clfquimicos.com.mx\/","title":{"rendered":"Home"},"content":{"rendered":"\t\t<div data-elementor-type=\"wp-page\" data-elementor-id=\"250\" class=\"elementor elementor-250\">\n\t\t\t\t\t\t<section class=\"elementor-section elementor-top-section elementor-element elementor-element-4d741412 elementor-section-boxed elementor-section-height-default elementor-section-height-default parallax_section_no qode_elementor_container_no\" data-id=\"4d741412\" data-element_type=\"section\">\n\t\t\t\t\t\t<div class=\"elementor-container elementor-column-gap-default\">\n\t\t\t\t\t<div class=\"elementor-column elementor-col-100 elementor-top-column elementor-element elementor-element-1186648e\" data-id=\"1186648e\" data-element_type=\"column\">\n\t\t\t<div class=\"elementor-widget-wrap elementor-element-populated\">\n\t\t\t\t\t\t<div class=\"elementor-element elementor-element-735fbb0b elementor-widget elementor-widget-text-editor\" data-id=\"735fbb0b\" data-element_type=\"widget\" data-widget_type=\"text-editor.default\">\n\t\t\t\t<div class=\"elementor-widget-container\">\n\t\t\t\t\t\t\t\t\t[vc_row css_animation=\u00bb\u00bb row_type=\u00bbrow\u00bb use_row_as_full_screen_section=\u00bbno\u00bb type=\u00bbfull_width\u00bb angled_section=\u00bbno\u00bb text_align=\u00bbleft\u00bb background_image_as_pattern=\u00bbwithout_pattern\u00bb][vc_column offset=\u00bbvc_hidden-sm vc_hidden-xs\u00bb][rev_slider_vc alias=\u00bbhome\u00bb][\/vc_column][\/vc_row][vc_row css_animation=\u00bb\u00bb row_type=\u00bbrow\u00bb use_row_as_full_screen_section=\u00bbno\u00bb type=\u00bbfull_width\u00bb angled_section=\u00bbno\u00bb text_align=\u00bbleft\u00bb background_image_as_pattern=\u00bbwithout_pattern\u00bb][vc_column offset=\u00bbvc_hidden-lg vc_hidden-md\u00bb][rev_slider_vc alias=\u00bbmovil\u00bb][\/vc_column][\/vc_row][vc_row css_animation=\u00bb\u00bb row_type=\u00bbrow\u00bb use_row_as_full_screen_section=\u00bbno\u00bb type=\u00bbfull_width\u00bb angled_section=\u00bbno\u00bb text_align=\u00bbleft\u00bb background_image_as_pattern=\u00bbwithout_pattern\u00bb css=\u00bb.vc_custom_1575650916433{background-color: #5eabf0 !important;}\u00bb z_index=\u00bb\u00bb][vc_column][vc_empty_space height=\u00bb15px\u00bb][\/vc_column][\/vc_row][vc_row css_animation=\u00bb\u00bb row_type=\u00bbrow\u00bb use_row_as_full_screen_section=\u00bbno\u00bb type=\u00bbfull_width\u00bb angled_section=\u00bbno\u00bb text_align=\u00bbleft\u00bb background_image_as_pattern=\u00bbwithout_pattern\u00bb css=\u00bb.vc_custom_1575650637226{background-color: #ffffff !important;}\u00bb z_index=\u00bb\u00bb][vc_column width=\u00bb1\/2&#8243;][vc_single_image image=\u00bb285&#8243; img_size=\u00bbfull\u00bb qode_css_animation=\u00bb\u00bb][\/vc_column][vc_column css_animation=\u00bbright-to-left\u00bb width=\u00bb1\/2&#8243; css=\u00bb.vc_custom_1575911962304{padding-right: 7% !important;padding-left: 7% !important;}\u00bb][vc_empty_space height=\u00bb70px\u00bb][vc_column_text css=\u00bb.vc_custom_1575649425272{padding-right: 5% !important;}\u00bb]\r\n<h3 style=\"text-align: justify;\"><span style=\"font-weight: 400;\">CLF Qu\u00edmicos, ha ido evolucionando a trav\u00e9s del tiempo; hemos pasado de ser una empresa surtidora de qu\u00edmicos para tener\u00edas, a producir y comercializar productos de limpieza, qu\u00edmicos industriales para empresas que fabrican pinturas, industria automotriz, qu\u00edmicos para albercas, silicones, productos de limpieza, etc\u00e9tera.<\/span><\/h3>\r\n[\/vc_column_text][vc_empty_space height=\u00bb30px\u00bb]<a  itemprop=\"url\" href=\"https:\/\/www.clfquimicos.com.mx\/index.php\/quienes-somos\/\" target=\"_self\"  class=\"qbutton  default\" style=\"\">CONOCE M\u00c1S<\/a>[vc_empty_space height=\u00bb40px\u00bb][\/vc_column][\/vc_row][vc_row css_animation=\u00bb\u00bb row_type=\u00bbrow\u00bb use_row_as_full_screen_section=\u00bbno\u00bb type=\u00bbfull_width\u00bb angled_section=\u00bbno\u00bb text_align=\u00bbleft\u00bb background_image_as_pattern=\u00bbwithout_pattern\u00bb css=\u00bb.vc_custom_1575652385548{background-color: #f5f6f6 !important;}\u00bb z_index=\u00bb\u00bb padding_top=\u00bb91&#8243; padding_bottom=\u00bb60&#8243;][vc_column][vc_column_text]\r\n<h1 style=\"text-align: center;\">QU\u00cdMICOS PARA:<\/h1>\r\n[\/vc_column_text][vc_empty_space height=\u00bb35px\u00bb][vc_row_inner row_type=\u00bbrow\u00bb type=\u00bbgrid\u00bb text_align=\u00bbleft\u00bb css_animation=\u00bb\u00bb][vc_column_inner][qode_elements_holder number_of_columns=\u00bbthree_columns\u00bb][qode_elements_holder_item vertical_alignment=\u00bbtop\u00bb horizontal_alignment=\u00bbcenter\u00bb advanced_animations=\u00bbno\u00bb background_color=\u00bb#d2e2ef\u00bb item_padding=\u00bb10px 0 10px 0&#8243;][vc_column_text]\r\n<h2 style=\"text-align: center;\">Tener\u00edas<\/h2>\r\n[\/vc_column_text][vc_empty_space height=\u00bb18px\u00bb][vc_single_image image=\u00bb274&#8243; img_size=\u00bb200&#215;200&#8243; alignment=\u00bbcenter\u00bb qode_css_animation=\u00bb\u00bb][vc_empty_space][\/qode_elements_holder_item][qode_elements_holder_item vertical_alignment=\u00bbtop\u00bb horizontal_alignment=\u00bbcenter\u00bb advanced_animations=\u00bbno\u00bb background_color=\u00bb#ffffff\u00bb item_padding=\u00bb10px 0 10px 0&#8243;][vc_column_text]\r\n<h2 style=\"text-align: center;\">Productos de limpieza y materias primas<\/h2>\r\n[\/vc_column_text][vc_empty_space height=\u00bb18px\u00bb][vc_single_image image=\u00bb282&#8243; img_size=\u00bb200&#215;200&#8243; alignment=\u00bbcenter\u00bb qode_css_animation=\u00bb\u00bb][vc_empty_space][\/qode_elements_holder_item][qode_elements_holder_item vertical_alignment=\u00bbtop\u00bb horizontal_alignment=\u00bbcenter\u00bb advanced_animations=\u00bbno\u00bb background_color=\u00bb#e1e9ef\u00bb item_padding=\u00bb10px 0 10px 0&#8243;][vc_column_text]\r\n<h2 style=\"text-align: center;\">Fertilizantes<\/h2>\r\n[\/vc_column_text][vc_empty_space height=\u00bb18px\u00bb][vc_single_image image=\u00bb283&#8243; img_size=\u00bb200&#215;200&#8243; alignment=\u00bbcenter\u00bb qode_css_animation=\u00bb\u00bb][vc_empty_space][\/qode_elements_holder_item][\/qode_elements_holder][vc_empty_space height=\u00bb20px\u00bb][vc_column_text]\r\n<h2 style=\"text-align: center;\">\u00a1Y M\u00c1S!<\/h2>\r\n[\/vc_column_text][\/vc_column_inner][\/vc_row_inner][\/vc_column][\/vc_row][vc_row row_type=\u00bbparallax\u00bb parallax_content_width=\u00bbin_grid\u00bb text_align=\u00bbleft\u00bb full_screen_section_height=\u00bbno\u00bb css=\u00bb.vc_custom_1575658167739{padding-top: 80px !important;padding-bottom: 80px !important;background-image: url(https:\/\/www.clfquimicos.com.mx\/wp-content\/uploads\/2019\/12\/fondo.jpg?id=310) !important;}\u00bb background_image=\u00bb310&#8243;][vc_column][vc_empty_space height=\u00bb90px\u00bb][vc_column_text]\r\n<h1 style=\"text-align: center;\"><span style=\"color: #ffffff;\">SOCIOS COMERCIALES<\/span><\/h1>\r\n[\/vc_column_text][vc_empty_space height=\u00bb40px\u00bb][vc_row_inner row_type=\u00bbrow\u00bb type=\u00bbgrid\u00bb text_align=\u00bbleft\u00bb css_animation=\u00bb\u00bb][vc_column_inner width=\u00bb1\/3&#8243;][vc_single_image image=\u00bb465&#8243; img_size=\u00bbfull\u00bb alignment=\u00bbcenter\u00bb style=\u00bbvc_box_rounded\u00bb onclick=\u00bbcustom_link\u00bb img_link_target=\u00bb_blank\u00bb qode_css_animation=\u00bb\u00bb link=\u00bbhttp:\/\/www.conejos.mx\u00bb][\/vc_column_inner][vc_column_inner width=\u00bb1\/3&#8243;][vc_single_image image=\u00bb314&#8243; img_size=\u00bbfull\u00bb alignment=\u00bbcenter\u00bb style=\u00bbvc_box_rounded\u00bb onclick=\u00bbcustom_link\u00bb img_link_target=\u00bb_blank\u00bb qode_css_animation=\u00bb\u00bb link=\u00bbhttp:\/\/www.somoslint.com\u00bb][\/vc_column_inner][vc_column_inner width=\u00bb1\/3&#8243;][vc_single_image image=\u00bb315&#8243; img_size=\u00bbfull\u00bb alignment=\u00bbcenter\u00bb style=\u00bbvc_box_rounded\u00bb onclick=\u00bbcustom_link\u00bb img_link_target=\u00bb_blank\u00bb qode_css_animation=\u00bb\u00bb link=\u00bbhttp:\/\/www.koppara.com.mx\u00bb][\/vc_column_inner][\/vc_row_inner][vc_empty_space height=\u00bb100px\u00bb][\/vc_column][\/vc_row][vc_row css_animation=\u00bb\u00bb row_type=\u00bbrow\u00bb use_row_as_full_screen_section=\u00bbno\u00bb type=\u00bbfull_width\u00bb angled_section=\u00bbno\u00bb text_align=\u00bbleft\u00bb background_image_as_pattern=\u00bbwithout_pattern\u00bb css=\u00bb.vc_custom_1575650637226{background-color: #ffffff !important;}\u00bb z_index=\u00bb\u00bb][vc_column css_animation=\u00bbleft-to-right\u00bb width=\u00bb1\/2&#8243; css=\u00bb.vc_custom_1575659453580{padding-right: 10% !important;padding-left: 10% !important;}\u00bb][vc_empty_space height=\u00bb70px\u00bb]<div class='q_icon_with_title tiny normal_icon left_from_title '><div class=\"icon_text_holder\" style=\"\"><div class=\"icon_text_inner\" style=\"\"><div class=\"icon_title_holder\"><div class=\"icon_holder \" style=\" \"><span data-icon-type=\"normal\"  data-icon-hover-color=\"#79ae7a\" style=\"\" class=\"qode_iwt_icon_holder q_font_awsome_icon fa-lg  \"><i class=\"qode_icon_font_awesome fa fa-asterisk qode_iwt_icon_element\" style=\"color: #79ae7a;\" ><\/i><\/span><\/div><h5 class=\"icon_title\" style=\"\">Gran variedad de qu\u00edmicos para muy diversos mercados<\/h5><\/div><p style=''><\/p><\/div><\/div><\/div>[vc_empty_space height=\u00bb5px\u00bb]<div class='q_icon_with_title tiny normal_icon left_from_title '><div class=\"icon_text_holder\" style=\"\"><div class=\"icon_text_inner\" style=\"\"><div class=\"icon_title_holder\"><div class=\"icon_holder \" style=\" \"><span data-icon-type=\"normal\"  data-icon-hover-color=\"#79ae7a\" style=\"\" class=\"qode_iwt_icon_holder q_font_awsome_icon fa-lg  \"><i class=\"qode_icon_font_awesome fa fa-asterisk qode_iwt_icon_element\" style=\"color: #79ae7a;\" ><\/i><\/span><\/div><h5 class=\"icon_title\" style=\"\">Venta de menudeo y mayoreo<\/h5><\/div><p style=''><\/p><\/div><\/div><\/div>[vc_empty_space height=\u00bb5px\u00bb]<div class='q_icon_with_title tiny normal_icon left_from_title '><div class=\"icon_text_holder\" style=\"\"><div class=\"icon_text_inner\" style=\"\"><div class=\"icon_title_holder\"><div class=\"icon_holder \" style=\" \"><span data-icon-type=\"normal\"  data-icon-hover-color=\"#79ae7a\" style=\"\" class=\"qode_iwt_icon_holder q_font_awsome_icon fa-lg  \"><i class=\"qode_icon_font_awesome fa fa-asterisk qode_iwt_icon_element\" style=\"color: #79ae7a;\" ><\/i><\/span><\/div><h5 class=\"icon_title\" style=\"\">Contamos con tienda matriz y sucursal en Le\u00f3n, Guanajuato<\/h5><\/div><p style=''><\/p><\/div><\/div><\/div>[vc_empty_space height=\u00bb5px\u00bb]<div class='q_icon_with_title tiny normal_icon left_from_title '><div class=\"icon_text_holder\" style=\"\"><div class=\"icon_text_inner\" style=\"\"><div class=\"icon_title_holder\"><div class=\"icon_holder \" style=\" \"><span data-icon-type=\"normal\"  data-icon-hover-color=\"#79ae7a\" style=\"\" class=\"qode_iwt_icon_holder q_font_awsome_icon fa-lg  \"><i class=\"qode_icon_font_awesome fa fa-asterisk qode_iwt_icon_element\" style=\"color: #79ae7a;\" ><\/i><\/span><\/div><h5 class=\"icon_title\" style=\"\">Contamos con una isla dentro de una plaza comercial en Lagos de Moreno, Jalisco<\/h5><\/div><p style=''><\/p><\/div><\/div><\/div>[vc_empty_space height=\u00bb5px\u00bb]<div class='q_icon_with_title tiny normal_icon left_from_title '><div class=\"icon_text_holder\" style=\"\"><div class=\"icon_text_inner\" style=\"\"><div class=\"icon_title_holder\"><div class=\"icon_holder \" style=\" \"><span data-icon-type=\"normal\"  data-icon-hover-color=\"#79ae7a\" style=\"\" class=\"qode_iwt_icon_holder q_font_awsome_icon fa-lg  \"><i class=\"qode_icon_font_awesome fa fa-asterisk qode_iwt_icon_element\" style=\"color: #79ae7a;\" ><\/i><\/span><\/div><h5 class=\"icon_title\" style=\"\">Entregas a domicilio (ciudad de Le\u00f3n y puntos circunvecinos)<\/h5><\/div><p style=''><\/p><\/div><\/div><\/div>[vc_empty_space height=\u00bb40px\u00bb][\/vc_column][vc_column css_animation=\u00bbnone\u00bb width=\u00bb1\/2&#8243;][vc_single_image image=\u00bb322&#8243; img_size=\u00bbfull\u00bb qode_css_animation=\u00bb\u00bb][\/vc_column][\/vc_row][vc_row css_animation=\u00bb\u00bb row_type=\u00bbrow\u00bb use_row_as_full_screen_section=\u00bbno\u00bb type=\u00bbfull_width\u00bb angled_section=\u00bbno\u00bb text_align=\u00bbleft\u00bb background_image_as_pattern=\u00bbwithout_pattern\u00bb padding_top=\u00bb10&#8243; z_index=\u00bb1000&#8243; css=\u00bb.vc_custom_1575660634800{background-color: #ffffff !important;}\u00bb][vc_column css=\u00bb.vc_custom_1517906303609{margin-bottom: -67px !important;}\u00bb][qode_elements_holder number_of_columns=\u00bbone_column\u00bb][qode_elements_holder_item advanced_animations=\u00bbno\u00bb item_padding=\u00bb0 16% 0 16%\u00bb item_padding_1280_1440=\u00bb0 5% 0 5%\u00bb item_padding_1024_1280=\u00bb0 3% 0 3%\u00bb item_padding_768_1024=\u00bb0 3% 0 3%\u00bb item_padding_600_768=\u00bb0 6% 0 6%\u00bb item_padding_480_600=\u00bb0 8% 0 8%\u00bb item_padding_480=\u00bb0 8% 0 8%\u00bb][vc_row_inner row_type=\u00bbrow\u00bb type=\u00bbfull_width\u00bb text_align=\u00bbleft\u00bb css_animation=\u00bb\u00bb css=\u00bb.vc_custom_1575660783117{background-image: url(https:\/\/www.clfquimicos.com.mx\/wp-content\/uploads\/2019\/12\/fondo.jpg?id=310) !important;background-position: center !important;background-repeat: no-repeat !important;background-size: cover !important;}\u00bb][vc_column_inner]<div class=\"container_inner\"><div class=\"call_to_action normal\" style=\"padding-top: 42px;padding-bottom: 37px;\"><div class=\"two_columns_75_25 clearfix\"><div class=\"text_wrapper column1\"><div class=\"call_to_action_text \" style=\"\">\r\n<h2><span style=\"color: #ffffff;\">Comun\u00edcate con nosotros al 477 717 5354<\/span><\/h2>\r\n<span style=\"color: #ffffff;\">Con gusto le atenderemos.<\/span><\/div><\/div><div class=\"button_wrapper column2\"><a itemprop=\"url\" href=\"tel:4777175354\" class=\"qbutton white \" target=\"_self\" style=\"color: #ffffff;border-color: #79ae7a;background-color: #79ae7a;\"data-hover-background-color=#ffffff data-hover-border-color=#ffffff data-hover-color=#79ae7a>Llamar<\/a><\/div><\/div><\/div><\/div>[\/vc_column_inner][\/vc_row_inner][\/qode_elements_holder_item][\/qode_elements_holder][\/vc_column][\/vc_row]\t\t\t\t\t\t\t\t<\/div>\n\t\t\t\t<\/div>\n\t\t\t\t\t<\/div>\n\t\t<\/div>\n\t\t\t\t\t<\/div>\n\t\t<\/section>\n\t\t\t\t<section class=\"elementor-section elementor-top-section elementor-element elementor-element-f32c956 elementor-section-boxed elementor-section-height-default elementor-section-height-default parallax_section_no qode_elementor_container_no\" data-id=\"f32c956\" data-element_type=\"section\">\n\t\t\t\t\t\t<div class=\"elementor-container elementor-column-gap-default\">\n\t\t\t\t\t<div class=\"elementor-column elementor-col-100 elementor-top-column elementor-element elementor-element-d8e107f\" data-id=\"d8e107f\" data-element_type=\"column\">\n\t\t\t<div class=\"elementor-widget-wrap elementor-element-populated\">\n\t\t\t\t\t\t<div class=\"elementor-element elementor-element-5a2084e elementor-widget elementor-widget-google_maps\" data-id=\"5a2084e\" data-element_type=\"widget\" data-widget_type=\"google_maps.default\">\n\t\t\t\t<div class=\"elementor-widget-container\">\n\t\t\t\t\t\t\t<div class=\"elementor-custom-embed\">\n\t\t\t<iframe loading=\"lazy\"\n\t\t\t\t\tsrc=\"https:\/\/maps.google.com\/maps?q=ORVAG%20Productos%20Quimicos%20le%C3%B3n%2C%20gto.&#038;t=m&#038;z=10&#038;output=embed&#038;iwloc=near\"\n\t\t\t\t\ttitle=\"ORVAG Productos Quimicos le\u00f3n, gto.\"\n\t\t\t\t\taria-label=\"ORVAG Productos Quimicos le\u00f3n, gto.\"\n\t\t\t><\/iframe>\n\t\t<\/div>\n\t\t\t\t\t\t<\/div>\n\t\t\t\t<\/div>\n\t\t\t\t\t<\/div>\n\t\t<\/div>\n\t\t\t\t\t<\/div>\n\t\t<\/section>\n\t\t\t\t<\/div>\n\t\t","protected":false},"excerpt":{"rendered":"<p>[vc_row css_animation=\u00bb\u00bb row_type=\u00bbrow\u00bb use_row_as_full_screen_section=\u00bbno\u00bb type=\u00bbfull_width\u00bb angled_section=\u00bbno\u00bb text_align=\u00bbleft\u00bb background_image_as_pattern=\u00bbwithout_pattern\u00bb][vc_column offset=\u00bbvc_hidden-sm vc_hidden-xs\u00bb][rev_slider_vc alias=\u00bbhome\u00bb][\/vc_column][\/vc_row][vc_row css_animation=\u00bb\u00bb row_type=\u00bbrow\u00bb use_row_as_full_screen_section=\u00bbno\u00bb type=\u00bbfull_width\u00bb angled_section=\u00bbno\u00bb text_align=\u00bbleft\u00bb background_image_as_pattern=\u00bbwithout_pattern\u00bb][vc_column offset=\u00bbvc_hidden-lg vc_hidden-md\u00bb][rev_slider_vc alias=\u00bbmovil\u00bb][\/vc_column][\/vc_row][vc_row css_animation=\u00bb\u00bb row_type=\u00bbrow\u00bb use_row_as_full_screen_section=\u00bbno\u00bb type=\u00bbfull_width\u00bb angled_section=\u00bbno\u00bb text_align=\u00bbleft\u00bb background_image_as_pattern=\u00bbwithout_pattern\u00bb css=\u00bb.vc_custom_1575650916433{background-color: #5eabf0 !important;}\u00bb z_index=\u00bb\u00bb][vc_column][vc_empty_space height=\u00bb15px\u00bb][\/vc_column][\/vc_row][vc_row css_animation=\u00bb\u00bb row_type=\u00bbrow\u00bb use_row_as_full_screen_section=\u00bbno\u00bb type=\u00bbfull_width\u00bb angled_section=\u00bbno\u00bb text_align=\u00bbleft\u00bb background_image_as_pattern=\u00bbwithout_pattern\u00bb css=\u00bb.vc_custom_1575650637226{background-color: #ffffff !important;}\u00bb z_index=\u00bb\u00bb][vc_column width=\u00bb1\/2&#8243;][vc_single_image<\/p>\n","protected":false},"author":1,"featured_media":0,"parent":0,"menu_order":0,"comment_status":"closed","ping_status":"closed","template":"full_width.php","meta":{"footnotes":""},"class_list":["post-250","page","type-page","status-publish","hentry"],"_links":{"self":[{"href":"https:\/\/www.clfquimicos.com.mx\/index.php\/wp-json\/wp\/v2\/pages\/250","targetHints":{"allow":["GET"]}}],"collection":[{"href":"https:\/\/www.clfquimicos.com.mx\/index.php\/wp-json\/wp\/v2\/pages"}],"about":[{"href":"https:\/\/www.clfquimicos.com.mx\/index.php\/wp-json\/wp\/v2\/types\/page"}],"author":[{"embeddable":true,"href":"https:\/\/www.clfquimicos.com.mx\/index.php\/wp-json\/wp\/v2\/users\/1"}],"replies":[{"embeddable":true,"href":"https:\/\/www.clfquimicos.com.mx\/index.php\/wp-json\/wp\/v2\/comments?post=250"}],"version-history":[{"count":65,"href":"https:\/\/www.clfquimicos.com.mx\/index.php\/wp-json\/wp\/v2\/pages\/250\/revisions"}],"predecessor-version":[{"id":486,"href":"https:\/\/www.clfquimicos.com.mx\/index.php\/wp-json\/wp\/v2\/pages\/250\/revisions\/486"}],"wp:attachment":[{"href":"https:\/\/www.clfquimicos.com.mx\/index.php\/wp-json\/wp\/v2\/media?parent=250"}],"curies":[{"name":"wp","href":"https:\/\/api.w.org\/{rel}","templated":true}]}}